{"id":4736,"date":"2022-08-09T14:57:53","date_gmt":"2022-08-09T12:57:53","guid":{"rendered":"https:\/\/kristentcenter.dk\/wordpress\/?page_id=4736"},"modified":"2026-05-03T16:38:51","modified_gmt":"2026-05-03T14:38:51","slug":"forside","status":"publish","type":"page","link":"https:\/\/kristentcenter.dk\/wordpress\/","title":{"rendered":"Forside"},"content":{"rendered":"\n<div class=\"wp-block-group has-light-green-cyan-background-color has-background\"><div class=\"wp-block-group__inner-container is-layout-constrained wp-block-group-is-layout-constrained\">\n<h1 class=\"wp-block-heading has-text-align-center\"><p><strong>Det sker i Kristent Cent<\/strong>er 2026 <\/p><\/h1>\n<\/div><\/div>\n\n\n\n<p><\/p>\n\n\n\n<div class=\"wp-block-columns is-layout-flex wp-container-core-columns-is-layout-9d6595d7 wp-block-columns-is-layout-flex\">\n<div class=\"wp-block-column is-layout-flow wp-block-column-is-layout-flow\" style=\"flex-basis:100%\">\n<figure class=\"wp-block-table aligncenter is-style-regular has-medium-font-size\"><table class=\"has-black-color has-white-background-color has-text-color has-background\"><tbody><tr><td class=\"has-text-align-center\" data-align=\"center\">S\u00f8ndag<\/td><td>03.maj<\/td><td class=\"has-text-align-center\" data-align=\"center\">10.30<\/td><td>Gudstjeneste: Ruth Cilwik\/Helle Simon<\/td><\/tr><tr><td class=\"has-text-align-center\" data-align=\"center\">L\u00f8rdag<\/td><td>09.maj<\/td><td class=\"has-text-align-center\" data-align=\"center\">10.00-12.00<\/td><td>Reng\u00f8ringsdag. Datoen i reng\u00f8ringslisten er forkert<\/td><\/tr><tr><td class=\"has-text-align-center\" data-align=\"center\">S\u00f8ndag<\/td><td>10.maj<\/td><td class=\"has-text-align-center\" data-align=\"center\">10.30<\/td><td>Gudstjeneste: Ole Kirsheiner\/Poul J\u00f8rgensen<\/td><\/tr><tr><td class=\"has-text-align-center\" data-align=\"center\">S\u00f8ndag<\/td><td>17.maj<\/td><td class=\"has-text-align-center\" data-align=\"center\">10.30<\/td><td>Gudstjeneste: Poul J\u00f8rgensen\/Ulla Jelager<\/td><\/tr><tr><td class=\"has-text-align-center\" data-align=\"center\">S\u00f8ndag<\/td><td>24.maj<\/td><td class=\"has-text-align-center\" data-align=\"center\">10.30<\/td><td>Gudstjeneste: Helle Simon\/Susanne Voxen<\/td><\/tr><tr><td class=\"has-text-align-center\" data-align=\"center\">S\u00f8ndag<\/td><td>31.maj<\/td><td class=\"has-text-align-center\" data-align=\"center\">10.30<\/td><td>Gudstjeneste: Gunni Bj\u00f8rsted\/Helle Simon<\/td><\/tr><tr><td class=\"has-text-align-center\" data-align=\"center\">S\u00f8ndag<\/td><td>07.jun<\/td><td class=\"has-text-align-center\" data-align=\"center\">10.30<\/td><td>Gudstjeneste: Christopher S\u00f8rensen\/Poul J\u00f8rgensen<\/td><\/tr><tr><td class=\"has-text-align-center\" data-align=\"center\">S\u00f8ndag<\/td><td>14.jun<\/td><td class=\"has-text-align-center\" data-align=\"center\">10.30<\/td><td>Gudstjeneste: Martin Lester\/<\/td><\/tr><tr><td class=\"has-text-align-center\" data-align=\"center\">S\u00f8ndag<\/td><td>21.jun<\/td><td class=\"has-text-align-center\" data-align=\"center\">10.30<\/td><td>Gudstjeneste: Ruth Cilwik\/<\/td><\/tr><tr><td class=\"has-text-align-center\" data-align=\"center\">S\u00f8ndag<\/td><td>28.jun<\/td><td class=\"has-text-align-center\" data-align=\"center\">10.30<\/td><td>Gudstjeneste: Helle Simon\/<\/td><\/tr><tr><td class=\"has-text-align-center\" data-align=\"center\"><\/td><td><\/td><td class=\"has-text-align-center\" data-align=\"center\"><\/td><td><\/td><\/tr><tr><td class=\"has-text-align-center\" data-align=\"center\"><\/td><td><\/td><td class=\"has-text-align-center\" data-align=\"center\"><\/td><td><\/td><\/tr><tr><td class=\"has-text-align-center\" data-align=\"center\"><\/td><td><\/td><td class=\"has-text-align-center\" data-align=\"center\"><\/td><td><\/td><\/tr><tr><td class=\"has-text-align-center\" data-align=\"center\"><\/td><td><\/td><td class=\"has-text-align-center\" data-align=\"center\"><\/td><td><br><\/td><\/tr><tr><td class=\"has-text-align-center\" data-align=\"center\"><\/td><td><\/td><td class=\"has-text-align-center\" data-align=\"center\"><\/td><td><a href=\"https:\/\/kristentcenter.dk\/wordpress\/?page_id=4925\" data-type=\"URL\" data-id=\"https:\/\/kristentcenter.dk\/wordpress\/?page_id=4925\">B\u00d8RNEKIRKEN NOAS ARK<\/a><br>Er aktiv ved alle Gudstjenester<\/td><\/tr><\/tbody><\/table><\/figure>\n\n\n\n<p><\/p>\n<\/div>\n<\/div>\n\n\n\n<figure class=\"wp-block-image size-full is-style-default\"><a href=\"https:\/\/kristentcenter.dk\/wordpress\/wp-content\/uploads\/2023\/02\/B9DFDEAC-DD84-486D-BC26-DAAD6B7962D6.png\"><img loading=\"lazy\" decoding=\"async\" width=\"1410\" height=\"2000\" src=\"https:\/\/kristentcenter.dk\/wordpress\/wp-content\/uploads\/2023\/02\/B9DFDEAC-DD84-486D-BC26-DAAD6B7962D6.png\" alt=\"\" class=\"wp-image-4934\" srcset=\"https:\/\/kristentcenter.dk\/wordpress\/wp-content\/uploads\/2023\/02\/B9DFDEAC-DD84-486D-BC26-DAAD6B7962D6.png 1410w, https:\/\/kristentcenter.dk\/wordpress\/wp-content\/uploads\/2023\/02\/B9DFDEAC-DD84-486D-BC26-DAAD6B7962D6-212x300.png 212w, https:\/\/kristentcenter.dk\/wordpress\/wp-content\/uploads\/2023\/02\/B9DFDEAC-DD84-486D-BC26-DAAD6B7962D6-722x1024.png 722w, https:\/\/kristentcenter.dk\/wordpress\/wp-content\/uploads\/2023\/02\/B9DFDEAC-DD84-486D-BC26-DAAD6B7962D6-768x1089.png 768w, https:\/\/kristentcenter.dk\/wordpress\/wp-content\/uploads\/2023\/02\/B9DFDEAC-DD84-486D-BC26-DAAD6B7962D6-1083x1536.png 1083w, https:\/\/kristentcenter.dk\/wordpress\/wp-content\/uploads\/2023\/02\/B9DFDEAC-DD84-486D-BC26-DAAD6B7962D6-140x199.png 140w\" sizes=\"auto, (max-width: 1410px) 100vw, 1410px\" \/><\/a><figcaption class=\"wp-element-caption\"><a href=\"https:\/\/kristentcenter.dk\/wordpress\/?page_id=4925\" data-type=\"URL\" data-id=\"https:\/\/kristentcenter.dk\/wordpress\/?page_id=4925\">Mere om b\u00f8rnekirken her<\/a><\/figcaption><\/figure>\n\n\n\n<p><\/p>\n","protected":false},"excerpt":{"rendered":"<p>Det sker i Kristent Center 2026 S\u00f8ndag 03.maj 10.30 Gudstjeneste: Ruth Cilwik\/Helle Simon L\u00f8rdag 09.maj 10.00-12.00 Reng\u00f8ringsdag. Datoen i reng\u00f8ringslisten er forkert S\u00f8ndag 10.maj 10.30 Gudstjeneste: Ole Kirsheiner\/Poul J\u00f8rgensen S\u00f8ndag&hellip;<\/p>\n","protected":false},"author":1,"featured_media":4716,"parent":0,"menu_order":0,"comment_status":"closed","ping_status":"closed","template":"page-templates\/fullwidth.php","meta":{"ngg_post_thumbnail":0,"footnotes":""},"class_list":["post-4736","page","type-page","status-publish","has-post-thumbnail","hentry"],"_links":{"self":[{"href":"https:\/\/kristentcenter.dk\/wordpress\/index.php?rest_route=\/wp\/v2\/pages\/4736","targetHints":{"allow":["GET"]}}],"collection":[{"href":"https:\/\/kristentcenter.dk\/wordpress\/index.php?rest_route=\/wp\/v2\/pages"}],"about":[{"href":"https:\/\/kristentcenter.dk\/wordpress\/index.php?rest_route=\/wp\/v2\/types\/page"}],"author":[{"embeddable":true,"href":"https:\/\/kristentcenter.dk\/wordpress\/index.php?rest_route=\/wp\/v2\/users\/1"}],"replies":[{"embeddable":true,"href":"https:\/\/kristentcenter.dk\/wordpress\/index.php?rest_route=%2Fwp%2Fv2%2Fcomments&post=4736"}],"version-history":[{"count":322,"href":"https:\/\/kristentcenter.dk\/wordpress\/index.php?rest_route=\/wp\/v2\/pages\/4736\/revisions"}],"predecessor-version":[{"id":5844,"href":"https:\/\/kristentcenter.dk\/wordpress\/index.php?rest_route=\/wp\/v2\/pages\/4736\/revisions\/5844"}],"wp:featuredmedia":[{"embeddable":true,"href":"https:\/\/kristentcenter.dk\/wordpress\/index.php?rest_route=\/wp\/v2\/media\/4716"}],"wp:attachment":[{"href":"https:\/\/kristentcenter.dk\/wordpress\/index.php?rest_route=%2Fwp%2Fv2%2Fmedia&parent=4736"}],"curies":[{"name":"wp","href":"https:\/\/api.w.org\/{rel}","templated":true}]}}